
{"id":733,"date":"2023-06-26T15:22:39","date_gmt":"2023-06-26T13:22:39","guid":{"rendered":"https:\/\/kund.columbird.se\/amsta-se\/references\/"},"modified":"2023-08-17T14:14:50","modified_gmt":"2023-08-17T12:14:50","slug":"references","status":"publish","type":"page","link":"https:\/\/www.amsta.se\/en\/references\/","title":{"rendered":"References"},"content":{"rendered":"\n<figure class=\"wp-block-image size-full is-resized\"><img loading=\"lazy\" decoding=\"async\" src=\"https:\/\/www.amsta.se\/wp-content\/uploads\/2023\/06\/Bild7.png\" alt=\"\" class=\"wp-image-255\" width=\"171\" height=\"94\" srcset=\"https:\/\/www.amsta.se\/wp-content\/uploads\/2023\/06\/Bild7.png 342w, https:\/\/www.amsta.se\/wp-content\/uploads\/2023\/06\/Bild7-300x165.png 300w\" sizes=\"auto, (max-width: 171px) 100vw, 171px\" \/><\/figure>\n\n<p><em>\u201dUnder mer \u00e4n ett decennium har Amsta tillverkat komponenter till Piab\u00b4s produktprogram. Amsta\u00b4s kunniga personal och avancerade maskinpark har varit en viktig kugge f\u00f6r Piab\u00b4s framg\u00e5ng\u201d.<\/em><\/p>\n\n<div style=\"height:25px\" aria-hidden=\"true\" class=\"wp-block-spacer\"><\/div>\n\n<figure class=\"wp-block-image size-full is-resized\"><img loading=\"lazy\" decoding=\"async\" src=\"https:\/\/www.amsta.se\/wp-content\/uploads\/2023\/06\/Bild6.jpg\" alt=\"\" class=\"wp-image-257\" width=\"223\" height=\"173\" srcset=\"https:\/\/www.amsta.se\/wp-content\/uploads\/2023\/06\/Bild6.jpg 446w, https:\/\/www.amsta.se\/wp-content\/uploads\/2023\/06\/Bild6-300x232.jpg 300w\" sizes=\"auto, (max-width: 223px) 100vw, 223px\" \/><\/figure>\n\n<p><em>\u2018With over 30 years of valued partnership, Amsta and the Adelphi Groups Pharma Hygiene Products company have shared a strong working relationship, underpinned by aligned values of quality without compromise, transparency and collaboration&#8221;<\/em><\/p>\n\n<div style=\"height:25px\" aria-hidden=\"true\" class=\"wp-block-spacer\"><\/div>\n\n<figure class=\"wp-block-image size-full\"><img loading=\"lazy\" decoding=\"async\" width=\"179\" height=\"32\" src=\"https:\/\/www.amsta.se\/wp-content\/uploads\/2023\/06\/Bild5.png\" alt=\"\" class=\"wp-image-259\"\/><\/figure>\n\n<p><em>\u201cDesde OYV estamos muy satisfechos con el excelente servicio y la calidad de los productos que nos ha brindado Amsta a lo largo de los muchos a\u00f1os de colaboraci\u00f3n entre ambas empresas.\u201d<br\/><\/em><\/p>\n\n<div style=\"height:25px\" aria-hidden=\"true\" class=\"wp-block-spacer\"><\/div>\n\n<figure class=\"wp-block-image size-full\"><img loading=\"lazy\" decoding=\"async\" width=\"164\" height=\"39\" src=\"https:\/\/www.amsta.se\/wp-content\/uploads\/2023\/06\/Bild4.jpg\" alt=\"\" class=\"wp-image-261\"\/><\/figure>\n\n<p><em>\u201dKompetenter Service und hochwertige Produkte. Wir beziehen f\u00fcr unsere Dosieranlagen seit Jahren Produkte von AMSTA Rostfritt AB und sind \u00e4u\u00dferst zufrieden. Sowohl der Service als auch die kompetente Beratung des Teams haben uns \u00fcberzeugt. Die Produkte erf\u00fcllen unsere Anforderungen perfekt und wir k\u00f6nnen das Unternehmen als vertrauensw\u00fcrdigen Partner empfehlen. Vielen Dank f\u00fcr die langj\u00e4hrige Zusammenarbeit\u201d.<\/em><\/p>\n\n<div style=\"height:25px\" aria-hidden=\"true\" class=\"wp-block-spacer\"><\/div>\n\n<figure class=\"wp-block-image size-full\"><img loading=\"lazy\" decoding=\"async\" width=\"168\" height=\"119\" src=\"https:\/\/www.amsta.se\/wp-content\/uploads\/2023\/06\/Bild3.jpg\" alt=\"\" class=\"wp-image-263\"\/><\/figure>\n\n<p><em>\u201cMaison Truffe has been representing the Amsta brand in Switzerland for almost 30 years. We are happy and proud to sell their high quality products\u201d.<\/em><\/p>\n\n<div style=\"height:25px\" aria-hidden=\"true\" class=\"wp-block-spacer\"><\/div>\n\n<figure class=\"wp-block-image size-full is-resized\"><img loading=\"lazy\" decoding=\"async\" src=\"https:\/\/www.amsta.se\/wp-content\/uploads\/2023\/06\/Bild1.png\" alt=\"\" class=\"wp-image-265\" width=\"236\" height=\"65\" srcset=\"https:\/\/www.amsta.se\/wp-content\/uploads\/2023\/06\/Bild1.png 315w, https:\/\/www.amsta.se\/wp-content\/uploads\/2023\/06\/Bild1-300x83.png 300w\" sizes=\"auto, (max-width: 236px) 100vw, 236px\" \/><\/figure>\n\n<p><em>\u201dVi \u00e4r stolta och glada \u00f6ver det framg\u00e5ngsrika samarbetet vi har och har haft med Amsta under m\u00e5nga \u00e5r. Samarbetet bygger p\u00e5 \u00f6msesidigt f\u00f6rtroende, enighet och gemensamma m\u00e5l, vilket har skapat en stabil grund f\u00f6r framg\u00e5ngsrika resultat. Vi \u00e4r ocks\u00e5 mycket n\u00f6jda med att kunna erbjuda Amstas innovativa l\u00f6sningar och h\u00f6gkvalitativa produkter till v\u00e5ra kunder. Vi ser fram emot att forts\u00e4tta bygga p\u00e5 detta samarbete och skapa \u00e4nnu st\u00f6rre framg\u00e5ngar tillsammans i framtiden\u201d<\/em><\/p>\n\n<div style=\"height:25px\" aria-hidden=\"true\" class=\"wp-block-spacer\"><\/div>\n\n<figure class=\"wp-block-image size-full\"><img loading=\"lazy\" decoding=\"async\" width=\"210\" height=\"57\" src=\"https:\/\/www.amsta.se\/wp-content\/uploads\/2023\/06\/Bild2.png\" alt=\"\" class=\"wp-image-267\"\/><\/figure>\n\n<p><em>\u201cIndeed we have a very long relationship with each other since many many years we are also proud to hear that you appreciate this\u201d.<\/em><\/p>\n\n<div style=\"height:25px\" aria-hidden=\"true\" class=\"wp-block-spacer\"><\/div>\n\n<p><\/p>\n","protected":false},"excerpt":{"rendered":"<p>\u201dUnder mer \u00e4n ett decennium har Amsta tillverkat komponenter till Piab\u00b4s produktprogram. Amsta\u00b4s kunniga personal och avancerade maskinpark har varit en viktig kugge f\u00f6r Piab\u00b4s framg\u00e5ng\u201d. \u2018With over 30 years of valued partnership, Amsta and the Adelphi Groups Pharma Hygiene Products company have shared a strong working relationship, underpinned by aligned values of quality without [&hellip;]<\/p>\n","protected":false},"author":3,"featured_media":0,"parent":0,"menu_order":0,"comment_status":"closed","ping_status":"closed","template":"","meta":{"footnotes":""},"class_list":["post-733","page","type-page","status-publish","hentry"],"yoast_head":"<!-- This site is optimized with the Yoast SEO plugin v21.3 - https:\/\/yoast.com\/wordpress\/plugins\/seo\/ -->\n<title>References - Amsta<\/title>\n<meta name=\"robots\" content=\"index, follow, max-snippet:-1, max-image-preview:large, max-video-preview:-1\" \/>\n<link rel=\"canonical\" href=\"https:\/\/www.amsta.se\/en\/references\/\" \/>\n<meta property=\"og:locale\" content=\"en_US\" \/>\n<meta property=\"og:type\" content=\"article\" \/>\n<meta property=\"og:title\" content=\"References - Amsta\" \/>\n<meta property=\"og:description\" content=\"\u201dUnder mer \u00e4n ett decennium har Amsta tillverkat komponenter till Piab\u00b4s produktprogram. Amsta\u00b4s kunniga personal och avancerade maskinpark har varit en viktig kugge f\u00f6r Piab\u00b4s framg\u00e5ng\u201d. \u2018With over 30 years of valued partnership, Amsta and the Adelphi Groups Pharma Hygiene Products company have shared a strong working relationship, underpinned by aligned values of quality without [&hellip;]\" \/>\n<meta property=\"og:url\" content=\"https:\/\/www.amsta.se\/en\/references\/\" \/>\n<meta property=\"og:site_name\" content=\"Amsta\" \/>\n<meta property=\"article:modified_time\" content=\"2023-08-17T12:14:50+00:00\" \/>\n<meta property=\"og:image\" content=\"https:\/\/www.amsta.se\/wp-content\/uploads\/2023\/06\/Bild7.png\" \/>\n<meta name=\"twitter:card\" content=\"summary_large_image\" \/>\n<meta name=\"twitter:label1\" content=\"Est. reading time\" \/>\n\t<meta name=\"twitter:data1\" content=\"1 minute\" \/>\n<script type=\"application\/ld+json\" class=\"yoast-schema-graph\">{\"@context\":\"https:\/\/schema.org\",\"@graph\":[{\"@type\":\"WebPage\",\"@id\":\"https:\/\/www.amsta.se\/en\/references\/\",\"url\":\"https:\/\/www.amsta.se\/en\/references\/\",\"name\":\"References - Amsta\",\"isPartOf\":{\"@id\":\"https:\/\/www.amsta.se\/#website\"},\"datePublished\":\"2023-06-26T13:22:39+00:00\",\"dateModified\":\"2023-08-17T12:14:50+00:00\",\"breadcrumb\":{\"@id\":\"https:\/\/www.amsta.se\/en\/references\/#breadcrumb\"},\"inLanguage\":\"en-US\",\"potentialAction\":[{\"@type\":\"ReadAction\",\"target\":[\"https:\/\/www.amsta.se\/en\/references\/\"]}]},{\"@type\":\"BreadcrumbList\",\"@id\":\"https:\/\/www.amsta.se\/en\/references\/#breadcrumb\",\"itemListElement\":[{\"@type\":\"ListItem\",\"position\":1,\"name\":\"Hem\",\"item\":\"https:\/\/www.amsta.se\/en\/\"},{\"@type\":\"ListItem\",\"position\":2,\"name\":\"References\"}]},{\"@type\":\"WebSite\",\"@id\":\"https:\/\/www.amsta.se\/#website\",\"url\":\"https:\/\/www.amsta.se\/\",\"name\":\"Amsta\",\"description\":\"\",\"publisher\":{\"@id\":\"https:\/\/www.amsta.se\/#organization\"},\"potentialAction\":[{\"@type\":\"SearchAction\",\"target\":{\"@type\":\"EntryPoint\",\"urlTemplate\":\"https:\/\/www.amsta.se\/?s={search_term_string}\"},\"query-input\":\"required name=search_term_string\"}],\"inLanguage\":\"en-US\"},{\"@type\":\"Organization\",\"@id\":\"https:\/\/www.amsta.se\/#organization\",\"name\":\"Amsta\",\"url\":\"https:\/\/www.amsta.se\/\",\"logo\":{\"@type\":\"ImageObject\",\"inLanguage\":\"en-US\",\"@id\":\"https:\/\/www.amsta.se\/#\/schema\/logo\/image\/\",\"url\":\"https:\/\/www.amsta.se\/wp-content\/uploads\/2023\/06\/cropped-00.-Amsta-Favicon@2x.png\",\"contentUrl\":\"https:\/\/www.amsta.se\/wp-content\/uploads\/2023\/06\/cropped-00.-Amsta-Favicon@2x.png\",\"width\":512,\"height\":512,\"caption\":\"Amsta\"},\"image\":{\"@id\":\"https:\/\/www.amsta.se\/#\/schema\/logo\/image\/\"}}]}<\/script>\n<!-- \/ Yoast SEO plugin. -->","yoast_head_json":{"title":"References - Amsta","robots":{"index":"index","follow":"follow","max-snippet":"max-snippet:-1","max-image-preview":"max-image-preview:large","max-video-preview":"max-video-preview:-1"},"canonical":"https:\/\/www.amsta.se\/en\/references\/","og_locale":"en_US","og_type":"article","og_title":"References - Amsta","og_description":"\u201dUnder mer \u00e4n ett decennium har Amsta tillverkat komponenter till Piab\u00b4s produktprogram. Amsta\u00b4s kunniga personal och avancerade maskinpark har varit en viktig kugge f\u00f6r Piab\u00b4s framg\u00e5ng\u201d. \u2018With over 30 years of valued partnership, Amsta and the Adelphi Groups Pharma Hygiene Products company have shared a strong working relationship, underpinned by aligned values of quality without [&hellip;]","og_url":"https:\/\/www.amsta.se\/en\/references\/","og_site_name":"Amsta","article_modified_time":"2023-08-17T12:14:50+00:00","og_image":[{"url":"https:\/\/www.amsta.se\/wp-content\/uploads\/2023\/06\/Bild7.png"}],"twitter_card":"summary_large_image","twitter_misc":{"Est. reading time":"1 minute"},"schema":{"@context":"https:\/\/schema.org","@graph":[{"@type":"WebPage","@id":"https:\/\/www.amsta.se\/en\/references\/","url":"https:\/\/www.amsta.se\/en\/references\/","name":"References - Amsta","isPartOf":{"@id":"https:\/\/www.amsta.se\/#website"},"datePublished":"2023-06-26T13:22:39+00:00","dateModified":"2023-08-17T12:14:50+00:00","breadcrumb":{"@id":"https:\/\/www.amsta.se\/en\/references\/#breadcrumb"},"inLanguage":"en-US","potentialAction":[{"@type":"ReadAction","target":["https:\/\/www.amsta.se\/en\/references\/"]}]},{"@type":"BreadcrumbList","@id":"https:\/\/www.amsta.se\/en\/references\/#breadcrumb","itemListElement":[{"@type":"ListItem","position":1,"name":"Hem","item":"https:\/\/www.amsta.se\/en\/"},{"@type":"ListItem","position":2,"name":"References"}]},{"@type":"WebSite","@id":"https:\/\/www.amsta.se\/#website","url":"https:\/\/www.amsta.se\/","name":"Amsta","description":"","publisher":{"@id":"https:\/\/www.amsta.se\/#organization"},"potentialAction":[{"@type":"SearchAction","target":{"@type":"EntryPoint","urlTemplate":"https:\/\/www.amsta.se\/?s={search_term_string}"},"query-input":"required name=search_term_string"}],"inLanguage":"en-US"},{"@type":"Organization","@id":"https:\/\/www.amsta.se\/#organization","name":"Amsta","url":"https:\/\/www.amsta.se\/","logo":{"@type":"ImageObject","inLanguage":"en-US","@id":"https:\/\/www.amsta.se\/#\/schema\/logo\/image\/","url":"https:\/\/www.amsta.se\/wp-content\/uploads\/2023\/06\/cropped-00.-Amsta-Favicon@2x.png","contentUrl":"https:\/\/www.amsta.se\/wp-content\/uploads\/2023\/06\/cropped-00.-Amsta-Favicon@2x.png","width":512,"height":512,"caption":"Amsta"},"image":{"@id":"https:\/\/www.amsta.se\/#\/schema\/logo\/image\/"}}]}},"_links":{"self":[{"href":"https:\/\/www.amsta.se\/en\/wp-json\/wp\/v2\/pages\/733","targetHints":{"allow":["GET"]}}],"collection":[{"href":"https:\/\/www.amsta.se\/en\/wp-json\/wp\/v2\/pages"}],"about":[{"href":"https:\/\/www.amsta.se\/en\/wp-json\/wp\/v2\/types\/page"}],"author":[{"embeddable":true,"href":"https:\/\/www.amsta.se\/en\/wp-json\/wp\/v2\/users\/3"}],"replies":[{"embeddable":true,"href":"https:\/\/www.amsta.se\/en\/wp-json\/wp\/v2\/comments?post=733"}],"version-history":[{"count":3,"href":"https:\/\/www.amsta.se\/en\/wp-json\/wp\/v2\/pages\/733\/revisions"}],"predecessor-version":[{"id":736,"href":"https:\/\/www.amsta.se\/en\/wp-json\/wp\/v2\/pages\/733\/revisions\/736"}],"wp:attachment":[{"href":"https:\/\/www.amsta.se\/en\/wp-json\/wp\/v2\/media?parent=733"}],"curies":[{"name":"wp","href":"https:\/\/api.w.org\/{rel}","templated":true}]}}